{"id":1048,"date":"2024-12-27T22:44:32","date_gmt":"2024-12-28T01:44:32","guid":{"rendered":"https:\/\/almanortespa.cl\/web\/?page_id=1048"},"modified":"2025-05-15T16:52:15","modified_gmt":"2025-05-15T19:52:15","slug":"almanorte","status":"publish","type":"page","link":"https:\/\/almanortespa.cl\/web\/almanorte\/","title":{"rendered":"AlmaNorte"},"content":{"rendered":"<p>[et_pb_section fb_built=&#8221;1&#8243; _builder_version=&#8221;4.16&#8243; _module_preset=&#8221;default&#8221; custom_padding=&#8221;||9px|||&#8221; global_colors_info=&#8221;{}&#8221;][et_pb_row _builder_version=&#8221;4.16&#8243; _module_preset=&#8221;default&#8221; global_colors_info=&#8221;{}&#8221;][et_pb_column type=&#8221;4_4&#8243; _builder_version=&#8221;4.16&#8243; _module_preset=&#8221;default&#8221; global_colors_info=&#8221;{}&#8221;][et_pb_text _builder_version=&#8221;4.16&#8243; _module_preset=&#8221;default&#8221; text_font=&#8221;ABeeZee|700|||||||&#8221; text_font_size=&#8221;49px&#8221; custom_padding=&#8221;7px|||||&#8221; global_colors_info=&#8221;{}&#8221;]<\/p>\n<p>AlmaNorte<\/p>\n<p>[\/et_pb_text][\/et_pb_column][\/et_pb_row][et_pb_row _builder_version=&#8221;4.16&#8243; _module_preset=&#8221;default&#8221; global_colors_info=&#8221;{}&#8221;][et_pb_column type=&#8221;4_4&#8243; _builder_version=&#8221;4.16&#8243; _module_preset=&#8221;default&#8221; global_colors_info=&#8221;{}&#8221;][et_pb_text _builder_version=&#8221;4.16&#8243; _module_preset=&#8221;default&#8221; text_font=&#8221;ABeeZee||||||||&#8221; text_font_size=&#8221;16px&#8221; text_orientation=&#8221;justified&#8221; global_colors_info=&#8221;{}&#8221;]<\/p>\n<p style=\"font-weight: 400;\">Fundada el 28 de noviembre del a\u00f1o 2012, gracias a una idea visionaria de brindar servicios de almacenaje y log\u00edstica integral en una ubicaci\u00f3n estrat\u00e9gica, cercana a los principales proyectos mineros e industriales de la regi\u00f3n de Tarapac\u00e1.<\/p>\n<p style=\"font-weight: 400;\">Nuestro objetivo principal es brindar un servicio de calidad, continuo y seguro, que brinde soluciones operacionales que se adaptan a las necesidades de nuestros clientes.<\/p>\n<p style=\"font-weight: 400;\"><span>Con una trayectoria que nos respalda, trabajamos en los proyectos m\u00e1s emblem\u00e1ticos de Tarapac\u00e1, asegurando la m\u00e1xima eficiencia y calidad en cada etapa del proceso log\u00edstico.<\/span><\/p>\n<p>[\/et_pb_text][\/et_pb_column][\/et_pb_row][\/et_pb_section][et_pb_section fb_built=&#8221;1&#8243; _builder_version=&#8221;4.16&#8243; _module_preset=&#8221;default&#8221; custom_padding=&#8221;12px|||||&#8221; global_colors_info=&#8221;{}&#8221;][et_pb_row _builder_version=&#8221;4.16&#8243; _module_preset=&#8221;default&#8221; global_colors_info=&#8221;{}&#8221;][et_pb_column type=&#8221;4_4&#8243; _builder_version=&#8221;4.16&#8243; _module_preset=&#8221;default&#8221; global_colors_info=&#8221;{}&#8221;][et_pb_text _builder_version=&#8221;4.27.4&#8243; _module_preset=&#8221;default&#8221; text_font=&#8221;ABeeZee|700|||||||&#8221; text_font_size=&#8221;49px&#8221; custom_padding=&#8221;7px|||||&#8221; text_line_height_tablet=&#8221;&#8221; text_line_height_phone=&#8221;1em&#8221; text_line_height_last_edited=&#8221;on|phone&#8221; global_colors_info=&#8221;{}&#8221;]<\/p>\n<p>Nuestro equipo<\/p>\n<p>[\/et_pb_text][\/et_pb_column][\/et_pb_row][et_pb_row column_structure=&#8221;1_5,1_5,1_5,1_5,1_5&#8243; _builder_version=&#8221;4.27.4&#8243; _module_preset=&#8221;default&#8221; global_colors_info=&#8221;{}&#8221;][et_pb_column type=&#8221;1_5&#8243; _builder_version=&#8221;4.27.4&#8243; _module_preset=&#8221;default&#8221; global_colors_info=&#8221;{}&#8221;][et_pb_team_member name=&#8221;Oscar Silva Jara&#8221; position=&#8221;Gerente Corporativo&#8221; image_url=&#8221;https:\/\/almanortespa.cl\/web\/wp-content\/uploads\/2025\/03\/osilva.jpg&#8221; _builder_version=&#8221;4.27.4&#8243; _module_preset=&#8221;default&#8221; global_colors_info=&#8221;{}&#8221;][\/et_pb_team_member][\/et_pb_column][et_pb_column type=&#8221;1_5&#8243; _builder_version=&#8221;4.16&#8243; _module_preset=&#8221;default&#8221; global_colors_info=&#8221;{}&#8221;][et_pb_team_member name=&#8221;Luis P\u00e9rez Carabantes&#8221; position=&#8221;Subgerente de Operaci\u00f3nes&#8221; image_url=&#8221;https:\/\/almanortespa.cl\/web\/wp-content\/uploads\/2025\/03\/lperez.jpg&#8221; _builder_version=&#8221;4.27.4&#8243; _module_preset=&#8221;default&#8221; body_font=&#8221;ABeeZee||||||||&#8221; body_font_size=&#8221;16px&#8221; global_colors_info=&#8221;{}&#8221;][\/et_pb_team_member][\/et_pb_column][et_pb_column type=&#8221;1_5&#8243; _builder_version=&#8221;4.16&#8243; _module_preset=&#8221;default&#8221; global_colors_info=&#8221;{}&#8221;][et_pb_team_member name=&#8221;Toshio Tanida Fuentealba&#8221; position=&#8221;Subgerente de Administraci\u00f3n y Finanzas&#8221; image_url=&#8221;https:\/\/almanortespa.cl\/web\/wp-content\/uploads\/2025\/03\/ttanida.jpg&#8221; _builder_version=&#8221;4.27.4&#8243; _module_preset=&#8221;default&#8221; body_font=&#8221;ABeeZee||||||||&#8221; body_font_size=&#8221;16px&#8221; global_colors_info=&#8221;{}&#8221;][\/et_pb_team_member][\/et_pb_column][et_pb_column type=&#8221;1_5&#8243; _builder_version=&#8221;4.27.4&#8243; _module_preset=&#8221;default&#8221; global_colors_info=&#8221;{}&#8221;][et_pb_team_member name=&#8221;Carlos Baeza Labbe&#8221; position=&#8221;Subgerente de Negocios Corporativos&#8221; image_url=&#8221;https:\/\/almanortespa.cl\/web\/wp-content\/uploads\/2025\/03\/cbaeza.jpg&#8221; _builder_version=&#8221;4.27.4&#8243; _module_preset=&#8221;default&#8221; body_font=&#8221;ABeeZee||||||||&#8221; body_font_size=&#8221;16px&#8221; global_colors_info=&#8221;{}&#8221;][\/et_pb_team_member][\/et_pb_column][et_pb_column type=&#8221;1_5&#8243; _builder_version=&#8221;4.16&#8243; _module_preset=&#8221;default&#8221; global_colors_info=&#8221;{}&#8221;][et_pb_team_member name=&#8221;H\u00e9ctor Mardones Rojas&#8221; position=&#8221;Subgerente Negocios AlmaNorte&#8221; image_url=&#8221;https:\/\/almanortespa.cl\/web\/wp-content\/uploads\/2025\/03\/hmardones.jpg&#8221; _builder_version=&#8221;4.27.4&#8243; _module_preset=&#8221;default&#8221; body_font=&#8221;ABeeZee||||||||&#8221; body_font_size=&#8221;16px&#8221; global_colors_info=&#8221;{}&#8221;][\/et_pb_team_member][\/et_pb_column][\/et_pb_row][et_pb_row _builder_version=&#8221;4.27.4&#8243; _module_preset=&#8221;default&#8221; global_colors_info=&#8221;{}&#8221;][et_pb_column type=&#8221;4_4&#8243; _builder_version=&#8221;4.27.4&#8243; _module_preset=&#8221;default&#8221; global_colors_info=&#8221;{}&#8221;][\/et_pb_column][\/et_pb_row][et_pb_row column_structure=&#8221;1_2,1_2&#8243; _builder_version=&#8221;4.27.4&#8243; _module_preset=&#8221;default&#8221; global_colors_info=&#8221;{}&#8221;][et_pb_column type=&#8221;1_2&#8243; _builder_version=&#8221;4.27.4&#8243; _module_preset=&#8221;default&#8221; global_colors_info=&#8221;{}&#8221;][et_pb_text _builder_version=&#8221;4.27.4&#8243; _module_preset=&#8221;default&#8221; global_colors_info=&#8221;{}&#8221;]<\/p>\n<h2 style=\"text-align: left;\"><strong><em>POL\u00cdTICA DE CALIDAD, SEGURIDAD, SALUD\u00a0 OCUPACIONAL Y MEDIO AMBIENTE<\/em><\/strong><\/h2>\n<p style=\"text-align: justify;\"><strong><em>Almacenaje y Log\u00edstica del Norte SPA<\/em><\/strong><em>, es una empresa de servicios de \u201cAlmacenamiento de carga general, carga peligrosa, arriendo de sitios y bodega\u201d, quien desarrolla sus actividades con est\u00e1ndares de calidad para satisfacer necesidades y expectativas de sus partes interesadas, orientados principalmente, a clientes de proyectos mineros y grandes mineras de Tarapac\u00e1.<\/em><\/p>\n<p>[\/et_pb_text][\/et_pb_column][et_pb_column type=&#8221;1_2&#8243; _builder_version=&#8221;4.27.4&#8243; _module_preset=&#8221;default&#8221; global_colors_info=&#8221;{}&#8221;][et_pb_button button_text=&#8221;Descargar AQU\u00cd&#8221; button_alignment=&#8221;center&#8221; _builder_version=&#8221;4.27.4&#8243; _module_preset=&#8221;default&#8221; custom_button=&#8221;on&#8221; button_text_color=&#8221;#FFFFFF&#8221; button_bg_color=&#8221;#E09900&#8243; hover_enabled=&#8221;0&#8243; global_colors_info=&#8221;{}&#8221; button_url=&#8221;https:\/\/almanortespa.cl\/web\/wp-content\/uploads\/2025\/05\/Politica_integrada_AlmanorteV02.pdf&#8221; sticky_enabled=&#8221;0&#8243;][\/et_pb_button][\/et_pb_column][\/et_pb_row][\/et_pb_section][et_pb_section fb_built=&#8221;1&#8243; _builder_version=&#8221;4.27.4&#8243; _module_preset=&#8221;default&#8221; background_color=&#8221;#00d390&#8243; min_height=&#8221;200px&#8221; min_height_tablet=&#8221;200px&#8221; min_height_phone=&#8221;600px&#8221; min_height_last_edited=&#8221;on|phone&#8221; height=&#8221;200px&#8221; height_tablet=&#8221;200px&#8221; height_phone=&#8221;600px&#8221; height_last_edited=&#8221;on|phone&#8221; max_height=&#8221;200px&#8221; max_height_tablet=&#8221;200px&#8221; max_height_phone=&#8221;600px&#8221; max_height_last_edited=&#8221;on|desktop&#8221; custom_padding=&#8221;25px|||||&#8221; animation_style=&#8221;fade&#8221; global_colors_info=&#8221;{}&#8221;][et_pb_row column_structure=&#8221;1_2,1_2&#8243; _builder_version=&#8221;4.16&#8243; _module_preset=&#8221;default&#8221; width=&#8221;90%&#8221; max_width=&#8221;1508px&#8221; custom_margin=&#8221;-22px|auto||auto||&#8221; global_colors_info=&#8221;{}&#8221;][et_pb_column type=&#8221;1_2&#8243; _builder_version=&#8221;4.16&#8243; _module_preset=&#8221;default&#8221; global_colors_info=&#8221;{}&#8221;][et_pb_image src=&#8221;https:\/\/almanortespa.cl\/web\/wp-content\/uploads\/2024\/12\/sustainable-energy_7928887.png&#8221; title_text=&#8221;sustainable-energy_7928887&#8243; _builder_version=&#8221;4.16&#8243; _module_preset=&#8221;default&#8221; width=&#8221;9%&#8221; width_tablet=&#8221;&#8221; width_phone=&#8221;27%&#8221; width_last_edited=&#8221;on|phone&#8221; max_width=&#8221;27%&#8221; module_alignment=&#8221;center&#8221; filter_brightness=&#8221;151%&#8221; filter_contrast=&#8221;200%&#8221; filter_invert=&#8221;100%&#8221; global_colors_info=&#8221;{}&#8221;][\/et_pb_image][et_pb_text _builder_version=&#8221;4.16&#8243; _module_preset=&#8221;default&#8221; text_font=&#8221;ABeeZee|700|||||||&#8221; text_text_color=&#8221;#ffffff&#8221; text_font_size=&#8221;49px&#8221; text_line_height=&#8221;1.3em&#8221; text_orientation=&#8221;center&#8221; custom_margin=&#8221;-46px|||||&#8221; custom_padding=&#8221;7px|||||&#8221; global_colors_info=&#8221;{}&#8221;]<\/p>\n<p><span style=\"color: #ffffff;\"><a href=\"https:\/\/cloudcomunicaciones.cl\/almanorte\/operacion-sustentable\/\" style=\"color: #ffffff;\">Operaci\u00f3n Verde<\/a><\/span><\/p>\n<p>[\/et_pb_text][\/et_pb_column][et_pb_column type=&#8221;1_2&#8243; _builder_version=&#8221;4.16&#8243; _module_preset=&#8221;default&#8221; global_colors_info=&#8221;{}&#8221;][et_pb_text _builder_version=&#8221;4.16&#8243; _module_preset=&#8221;default&#8221; text_text_color=&#8221;#ffffff&#8221; text_font_size=&#8221;16px&#8221; global_colors_info=&#8221;{}&#8221;]En AlmaNorte SPA, nuestras operaciones est\u00e1n impulsadas por un firme compromiso con la sostenibilidad. Contamos con una planta de paneles solares que genera energ\u00eda limpia para nuestras instalaciones, carros el\u00e9ctricos para el transporte interno y un sistema de iluminaci\u00f3n LED alimentado por paneles solares. Estas iniciativas nos permiten reducir nuestra huella de carbono y operar de manera eficiente, asegurando un impacto positivo en el medio ambiente y en la comunidad de Tarapac\u00e1.[\/et_pb_text][\/et_pb_column][\/et_pb_row][\/et_pb_section][et_pb_section fb_built=&#8221;1&#8243; _builder_version=&#8221;4.16&#8243; _module_preset=&#8221;default&#8221; background_color=&#8221;#e02b20&#8243; animation_style=&#8221;fade&#8221; border_width_top=&#8221;1px&#8221; global_colors_info=&#8221;{}&#8221;][et_pb_row column_structure=&#8221;1_2,1_2&#8243; _builder_version=&#8221;4.16&#8243; _module_preset=&#8221;default&#8221; global_colors_info=&#8221;{}&#8221;][et_pb_column type=&#8221;1_2&#8243; _builder_version=&#8221;4.16&#8243; _module_preset=&#8221;default&#8221; global_colors_info=&#8221;{}&#8221;][et_pb_image src=&#8221;https:\/\/almanortespa.cl\/web\/wp-content\/uploads\/2024\/12\/logo_web_almanorte.png&#8221; title_text=&#8221;logo_web_almanorte&#8221; _builder_version=&#8221;4.16&#8243; _module_preset=&#8221;default&#8221; width=&#8221;63%&#8221; global_colors_info=&#8221;{}&#8221;][\/et_pb_image][et_pb_text _builder_version=&#8221;4.27.4&#8243; _module_preset=&#8221;default&#8221; text_font=&#8221;ABeeZee||||||||&#8221; text_text_color=&#8221;#ffffff&#8221; text_font_size=&#8221;16px&#8221; global_colors_info=&#8221;{}&#8221;]<\/p>\n<ul>\n<li>Tel\u00e9fono de contacto:<span> +56 57 2262556<\/span><\/li>\n<li>Correo electronico: <span style=\"color: #ffffff;\"><a href=\"mailto:contacto@almanortespa.cl\" style=\"color: #ffffff;\">contacto@almanortespa.cl<\/a><\/span><\/li>\n<li class=\"p1\">Sector nueva California, ruta A-651, Km.17, <br \/>comuna de Pozo Almonte<\/li>\n<li>Canal de Denuncias<\/li>\n<\/ul>\n<p>&nbsp;<\/p>\n<p>&nbsp;<\/p>\n<p>[\/et_pb_text][\/et_pb_column][et_pb_column type=&#8221;1_2&#8243; _builder_version=&#8221;4.16&#8243; _module_preset=&#8221;default&#8221; global_colors_info=&#8221;{}&#8221;][et_pb_contact_form email=&#8221;contacto@almanortespa.cl&#8221; title=&#8221;Cont\u00e1ctanos&#8221; success_message=&#8221;Gracias por escribirnos, pronto tendr\u00e1s noticias nuestras&#8221; submit_button_text=&#8221;Enviar&#8221; admin_label=&#8221;#contacto&#8221; _builder_version=&#8221;4.27.4&#8243; _module_preset=&#8221;default&#8221; _unique_id=&#8221;c31bb5e0-7d52-44a0-8363-34cc2bd3f003&#8243; title_font=&#8221;ABeeZee||||||||&#8221; title_text_color=&#8221;#FFFFFF&#8221; captcha_font=&#8221;ABeeZee||||||||&#8221; captcha_text_color=&#8221;#FFFFFF&#8221; captcha_font_size=&#8221;16px&#8221; custom_button=&#8221;on&#8221; button_text_color=&#8221;#FFFFFF&#8221; global_colors_info=&#8221;{}&#8221;][et_pb_contact_field field_id=&#8221;Name&#8221; field_title=&#8221;Nombre&#8221; _builder_version=&#8221;4.16&#8243; global_colors_info=&#8221;{}&#8221; button_text_size__hover_enabled=&#8221;off&#8221; button_one_text_size__hover_enabled=&#8221;off&#8221; button_two_text_size__hover_enabled=&#8221;off&#8221; button_text_color__hover_enabled=&#8221;off&#8221; button_one_text_color__hover_enabled=&#8221;off&#8221; button_two_text_color__hover_enabled=&#8221;off&#8221; button_border_width__hover_enabled=&#8221;off&#8221; button_one_border_width__hover_enabled=&#8221;off&#8221; button_two_border_width__hover_enabled=&#8221;off&#8221; button_border_color__hover_enabled=&#8221;off&#8221; button_one_border_color__hover_enabled=&#8221;off&#8221; button_two_border_color__hover_enabled=&#8221;off&#8221; button_border_radius__hover_enabled=&#8221;off&#8221; button_one_border_radius__hover_enabled=&#8221;off&#8221; button_two_border_radius__hover_enabled=&#8221;off&#8221; button_letter_spacing__hover_enabled=&#8221;off&#8221; button_one_letter_spacing__hover_enabled=&#8221;off&#8221; button_two_letter_spacing__hover_enabled=&#8221;off&#8221; button_bg_color__hover_enabled=&#8221;off&#8221; button_one_bg_color__hover_enabled=&#8221;off&#8221; button_two_bg_color__hover_enabled=&#8221;off&#8221;][\/et_pb_contact_field][et_pb_contact_field field_id=&#8221;Email&#8221; field_title=&#8221;Direcci\u00f3n de correo electr\u00f3nico&#8221; field_type=&#8221;email&#8221; _builder_version=&#8221;4.16&#8243; global_colors_info=&#8221;{}&#8221; button_text_size__hover_enabled=&#8221;off&#8221; button_one_text_size__hover_enabled=&#8221;off&#8221; button_two_text_size__hover_enabled=&#8221;off&#8221; button_text_color__hover_enabled=&#8221;off&#8221; button_one_text_color__hover_enabled=&#8221;off&#8221; button_two_text_color__hover_enabled=&#8221;off&#8221; button_border_width__hover_enabled=&#8221;off&#8221; button_one_border_width__hover_enabled=&#8221;off&#8221; button_two_border_width__hover_enabled=&#8221;off&#8221; button_border_color__hover_enabled=&#8221;off&#8221; button_one_border_color__hover_enabled=&#8221;off&#8221; button_two_border_color__hover_enabled=&#8221;off&#8221; button_border_radius__hover_enabled=&#8221;off&#8221; button_one_border_radius__hover_enabled=&#8221;off&#8221; button_two_border_radius__hover_enabled=&#8221;off&#8221; button_letter_spacing__hover_enabled=&#8221;off&#8221; button_one_letter_spacing__hover_enabled=&#8221;off&#8221; button_two_letter_spacing__hover_enabled=&#8221;off&#8221; button_bg_color__hover_enabled=&#8221;off&#8221; button_one_bg_color__hover_enabled=&#8221;off&#8221; button_two_bg_color__hover_enabled=&#8221;off&#8221;][\/et_pb_contact_field][et_pb_contact_field field_id=&#8221;Message&#8221; field_title=&#8221;Mensaje&#8221; field_type=&#8221;text&#8221; fullwidth_field=&#8221;on&#8221; _builder_version=&#8221;4.16&#8243; global_colors_info=&#8221;{}&#8221; button_text_size__hover_enabled=&#8221;off&#8221; button_one_text_size__hover_enabled=&#8221;off&#8221; button_two_text_size__hover_enabled=&#8221;off&#8221; button_text_color__hover_enabled=&#8221;off&#8221; button_one_text_color__hover_enabled=&#8221;off&#8221; button_two_text_color__hover_enabled=&#8221;off&#8221; button_border_width__hover_enabled=&#8221;off&#8221; button_one_border_width__hover_enabled=&#8221;off&#8221; button_two_border_width__hover_enabled=&#8221;off&#8221; button_border_color__hover_enabled=&#8221;off&#8221; button_one_border_color__hover_enabled=&#8221;off&#8221; button_two_border_color__hover_enabled=&#8221;off&#8221; button_border_radius__hover_enabled=&#8221;off&#8221; button_one_border_radius__hover_enabled=&#8221;off&#8221; button_two_border_radius__hover_enabled=&#8221;off&#8221; button_letter_spacing__hover_enabled=&#8221;off&#8221; button_one_letter_spacing__hover_enabled=&#8221;off&#8221; button_two_letter_spacing__hover_enabled=&#8221;off&#8221; button_bg_color__hover_enabled=&#8221;off&#8221; button_one_bg_color__hover_enabled=&#8221;off&#8221; button_two_bg_color__hover_enabled=&#8221;off&#8221;][\/et_pb_contact_field][\/et_pb_contact_form][\/et_pb_column][\/et_pb_row][\/et_pb_section]<\/p>\n","protected":false},"excerpt":{"rendered":"<p>AlmaNorteFundada el 28 de noviembre del a\u00f1o 2012, gracias a una idea visionaria de brindar servicios de almacenaje y log\u00edstica integral en una ubicaci\u00f3n estrat\u00e9gica, cercana a los principales proyectos mineros e industriales de la regi\u00f3n de Tarapac\u00e1. Nuestro objetivo principal es brindar un servicio de calidad, continuo y seguro, que brinde soluciones operacionales que [&hellip;]<\/p>\n","protected":false},"author":1,"featured_media":0,"parent":0,"menu_order":0,"comment_status":"closed","ping_status":"closed","template":"","meta":{"_et_pb_use_builder":"on","_et_pb_old_content":"<!-- wp:divi\/placeholder \/-->","_et_gb_content_width":"","footnotes":""},"class_list":["post-1048","page","type-page","status-publish","hentry"],"_links":{"self":[{"href":"https:\/\/almanortespa.cl\/web\/wp-json\/wp\/v2\/pages\/1048","targetHints":{"allow":["GET"]}}],"collection":[{"href":"https:\/\/almanortespa.cl\/web\/wp-json\/wp\/v2\/pages"}],"about":[{"href":"https:\/\/almanortespa.cl\/web\/wp-json\/wp\/v2\/types\/page"}],"author":[{"embeddable":true,"href":"https:\/\/almanortespa.cl\/web\/wp-json\/wp\/v2\/users\/1"}],"replies":[{"embeddable":true,"href":"https:\/\/almanortespa.cl\/web\/wp-json\/wp\/v2\/comments?post=1048"}],"version-history":[{"count":10,"href":"https:\/\/almanortespa.cl\/web\/wp-json\/wp\/v2\/pages\/1048\/revisions"}],"predecessor-version":[{"id":1176,"href":"https:\/\/almanortespa.cl\/web\/wp-json\/wp\/v2\/pages\/1048\/revisions\/1176"}],"wp:attachment":[{"href":"https:\/\/almanortespa.cl\/web\/wp-json\/wp\/v2\/media?parent=1048"}],"curies":[{"name":"wp","href":"https:\/\/api.w.org\/{rel}","templated":true}]}}