{"id":1067,"date":"2024-12-27T22:56:04","date_gmt":"2024-12-28T01:56:04","guid":{"rendered":"https:\/\/almanortespa.cl\/web\/?page_id=1067"},"modified":"2024-12-28T00:56:28","modified_gmt":"2024-12-28T03:56:28","slug":"operacion-sustentable","status":"publish","type":"page","link":"https:\/\/almanortespa.cl\/web\/operacion-sustentable\/","title":{"rendered":"Operaci\u00f3n Sustentable"},"content":{"rendered":"<p>[et_pb_section fb_built=&#8221;1&#8243; _builder_version=&#8221;4.16&#8243; _module_preset=&#8221;default&#8221; custom_padding=&#8221;27px||9px|||&#8221; global_colors_info=&#8221;{}&#8221;][et_pb_row _builder_version=&#8221;4.16&#8243; _module_preset=&#8221;default&#8221; global_colors_info=&#8221;{}&#8221;][et_pb_column type=&#8221;4_4&#8243; _builder_version=&#8221;4.16&#8243; _module_preset=&#8221;default&#8221; global_colors_info=&#8221;{}&#8221;][et_pb_text _builder_version=&#8221;4.16&#8243; _module_preset=&#8221;default&#8221; text_font=&#8221;ABeeZee|700|||||||&#8221; text_font_size=&#8221;49px&#8221; text_line_height=&#8221;1.3em&#8221; text_orientation=&#8221;center&#8221; custom_padding=&#8221;7px|||||&#8221; global_colors_info=&#8221;{}&#8221;]<\/p>\n<p>\u00a0<b>Energ\u00edas Renovables: El Futuro de una Operaci\u00f3n Sostenible<\/b><\/p>\n<p>[\/et_pb_text][\/et_pb_column][\/et_pb_row][\/et_pb_section][et_pb_section fb_built=&#8221;1&#8243; _builder_version=&#8221;4.27.4&#8243; _module_preset=&#8221;default&#8221; custom_padding=&#8221;4px||4px|||&#8221; animation_style=&#8221;fade&#8221; hover_enabled=&#8221;0&#8243; global_colors_info=&#8221;{}&#8221; min_height_last_edited=&#8221;on|phone&#8221; min_height_phone=&#8221;500px&#8221; sticky_enabled=&#8221;0&#8243;][et_pb_row column_structure=&#8221;1_2,1_2&#8243; _builder_version=&#8221;4.27.4&#8243; _module_preset=&#8221;default&#8221; background_color=&#8221;#f4f4f4&#8243; width=&#8221;100%&#8221; max_width=&#8221;1280px&#8221; module_alignment=&#8221;center&#8221; min_height=&#8221;600px&#8221; height=&#8221;600px&#8221; max_height=&#8221;600px&#8221; custom_margin=&#8221;0px|0px|0px|0px|false|false&#8221; custom_padding=&#8221;0px|0px|0px|0px|false|false&#8221; hover_enabled=&#8221;0&#8243; border_radii=&#8221;on|10px|10px|10px|10px&#8221; global_colors_info=&#8221;{}&#8221; min_height_last_edited=&#8221;on|phone&#8221; min_height_phone=&#8221;1100px&#8221; height_last_edited=&#8221;on|phone&#8221; height_phone=&#8221;1100px&#8221; max_height_last_edited=&#8221;on|phone&#8221; max_height_phone=&#8221;1100px&#8221; sticky_enabled=&#8221;0&#8243; min_height_tablet=&#8221;600px&#8221; height_tablet=&#8221;600px&#8221; max_height_tablet=&#8221;600px&#8221;][et_pb_column type=&#8221;1_2&#8243; _builder_version=&#8221;4.16&#8243; _module_preset=&#8221;default&#8221; global_colors_info=&#8221;{}&#8221;][et_pb_text _builder_version=&#8221;4.27.4&#8243; _module_preset=&#8221;default&#8221; text_font=&#8221;ABeeZee||||||||&#8221; text_font_size=&#8221;18px&#8221; text_line_height=&#8221;1.3em&#8221; header_font=&#8221;ABeeZee||||||||&#8221; header_font_size=&#8221;14px&#8221; text_orientation=&#8221;justified&#8221; width=&#8221;88%&#8221; custom_margin=&#8221;50px|||100px|false|false&#8221; custom_padding=&#8221;||||false|false&#8221; hover_enabled=&#8221;0&#8243; global_colors_info=&#8221;{}&#8221; custom_margin_last_edited=&#8221;on|phone&#8221; custom_margin_phone=&#8221;50px|20px||20px|false|false&#8221; sticky_enabled=&#8221;0&#8243; custom_margin_tablet=&#8221;50px|||100px|false|false&#8221;]<\/p>\n<p>En AlmaNorte SPA, estamos comprometidos con la sostenibilidad como un pilar fundamental de nuestras operaciones. Contamos con una planta de paneles solares que abastece de energ\u00eda limpia a nuestras instalaciones, veh\u00edculos el\u00e9ctricos para el transporte interno y un sistema de iluminaci\u00f3n LED alimentado por paneles solares. Estas iniciativas no solo optimizan nuestra eficiencia operativa, sino que tambi\u00e9n reducen significativamente nuestra huella de carbono, contribuyendo a un impacto positivo en el medio ambiente y en la comunidad de Tarapac\u00e1.<\/p>\n<p>Las energ\u00edas renovables son la clave para construir un futuro sostenible y enfrentar los desaf\u00edos del cambio clim\u00e1tico. En AlmaNorte SPA, integramos estas tecnolog\u00edas como parte de nuestra visi\u00f3n a largo plazo, asegurando operaciones m\u00e1s eficientes y respetuosas con el medio ambiente. Conscientes de nuestra responsabilidad, apostamos por soluciones energ\u00e9ticas limpias que no solo protejan el planeta, sino que tambi\u00e9n impulsen el desarrollo de una industria log\u00edstica comprometida con las generaciones futuras.<\/p>\n<p>[\/et_pb_text][\/et_pb_column][et_pb_column type=&#8221;1_2&#8243; _builder_version=&#8221;4.16&#8243; _module_preset=&#8221;default&#8221; global_colors_info=&#8221;{}&#8221;][et_pb_gallery gallery_ids=&#8221;1071,1072,1073,1074&#8243; fullwidth=&#8221;on&#8221; _builder_version=&#8221;4.16&#8243; _module_preset=&#8221;default&#8221; min_height=&#8221;600px&#8221; height=&#8221;600px&#8221; max_height=&#8221;600px&#8221; animation_style=&#8221;fade&#8221; auto=&#8221;on&#8221; global_colors_info=&#8221;{}&#8221;][\/et_pb_gallery][\/et_pb_column][\/et_pb_row][\/et_pb_section][et_pb_section fb_built=&#8221;1&#8243; _builder_version=&#8221;4.16&#8243; _module_preset=&#8221;default&#8221; global_colors_info=&#8221;{}&#8221;][et_pb_row column_structure=&#8221;1_2,1_2&#8243; _builder_version=&#8221;4.27.4&#8243; _module_preset=&#8221;default&#8221; width=&#8221;100%&#8221; max_width=&#8221;1280px&#8221; global_colors_info=&#8221;{}&#8221;][et_pb_column type=&#8221;1_2&#8243; _builder_version=&#8221;4.27.4&#8243; _module_preset=&#8221;default&#8221; global_colors_info=&#8221;{}&#8221;][et_pb_text _builder_version=&#8221;4.27.4&#8243; _module_preset=&#8221;default&#8221; text_font=&#8221;ABeeZee||||||||&#8221; text_font_size=&#8221;16px&#8221; text_line_height=&#8221;1.4em&#8221; header_font=&#8221;ABeeZee||||||||&#8221; header_font_size=&#8221;14px&#8221; text_orientation=&#8221;justified&#8221; width=&#8221;88%&#8221; custom_margin=&#8221;20px|||100px|false|false&#8221; custom_padding=&#8221;||||false|false&#8221; hover_enabled=&#8221;0&#8243; global_colors_info=&#8221;{}&#8221; custom_margin_last_edited=&#8221;on|phone&#8221; custom_margin_phone=&#8221;20px|20px||20px|false|false&#8221; sticky_enabled=&#8221;0&#8243; custom_margin_tablet=&#8221;20px|||100px|false|false&#8221;]<\/p>\n<p>Hemos eliminado por completo el uso de botellas pl\u00e1sticas en nuestras instalaciones, proporcionando botellas reutilizables a todo nuestro equipo. Este cambio nos permite deshacernos de un residuo de 43 mil botellas anuales. En AlmaNorte SpA, tambi\u00e9n estamos implementando un programa de reciclaje que promueve la separaci\u00f3n de residuos en nuestras oficinas y almacenes. Creemos firmemente que cada acci\u00f3n cuenta y que, al involucrar a nuestro equipo en esta iniciativa, podemos amplificar el impacto positivo en nuestra comunidad. Nuestro compromiso con el medio ambiente va m\u00e1s all\u00e1 de la reducci\u00f3n de pl\u00e1sticos; buscamos constantemente innovar en pr\u00e1cticas que fomenten un futuro m\u00e1s verde y sostenible.<\/p>\n<p>[\/et_pb_text][\/et_pb_column][et_pb_column type=&#8221;1_2&#8243; _builder_version=&#8221;4.27.4&#8243; _module_preset=&#8221;default&#8221; global_colors_info=&#8221;{}&#8221;][et_pb_image src=&#8221;https:\/\/almanortespa.cl\/web\/wp-content\/uploads\/2024\/12\/botellas-1.jpg&#8221; title_text=&#8221;botellas&#8221; _builder_version=&#8221;4.27.4&#8243; _module_preset=&#8221;default&#8221; global_colors_info=&#8221;{}&#8221;][\/et_pb_image][\/et_pb_column][\/et_pb_row][\/et_pb_section][et_pb_section fb_built=&#8221;1&#8243; _builder_version=&#8221;4.16&#8243; _module_preset=&#8221;default&#8221; background_color=&#8221;#e02b20&#8243; animation_style=&#8221;fade&#8221; border_width_top=&#8221;1px&#8221; global_colors_info=&#8221;{}&#8221;][et_pb_row column_structure=&#8221;1_2,1_2&#8243; _builder_version=&#8221;4.16&#8243; _module_preset=&#8221;default&#8221; global_colors_info=&#8221;{}&#8221;][et_pb_column type=&#8221;1_2&#8243; _builder_version=&#8221;4.16&#8243; _module_preset=&#8221;default&#8221; global_colors_info=&#8221;{}&#8221;][et_pb_image src=&#8221;https:\/\/almanortespa.cl\/web\/wp-content\/uploads\/2024\/12\/logo_web_almanorte.png&#8221; title_text=&#8221;logo_web_almanorte&#8221; _builder_version=&#8221;4.16&#8243; _module_preset=&#8221;default&#8221; width=&#8221;63%&#8221; global_colors_info=&#8221;{}&#8221;][\/et_pb_image][et_pb_text _builder_version=&#8221;4.27.4&#8243; _module_preset=&#8221;default&#8221; text_font=&#8221;ABeeZee||||||||&#8221; text_text_color=&#8221;#ffffff&#8221; text_font_size=&#8221;16px&#8221; global_colors_info=&#8221;{}&#8221;]<\/p>\n<ul>\n<li>Tel\u00e9fono de contacto:<span> +56 57 2262556<\/span><\/li>\n<li>Correo electronico: <span style=\"color: #ffffff;\"><a href=\"mailto:contacto@almanortespa.cl\" style=\"color: #ffffff;\">contacto@almanortespa.cl<\/a><\/span><\/li>\n<li class=\"p1\">Sector nueva California, ruta A-651, Km.17, <br \/>comuna de Pozo Almonte<\/li>\n<li>Canal de Denuncias<\/li>\n<\/ul>\n<p>&nbsp;<\/p>\n<p>&nbsp;<\/p>\n<p>[\/et_pb_text][\/et_pb_column][et_pb_column type=&#8221;1_2&#8243; _builder_version=&#8221;4.16&#8243; _module_preset=&#8221;default&#8221; global_colors_info=&#8221;{}&#8221;][et_pb_contact_form email=&#8221;contacto@almanortespa.cl&#8221; title=&#8221;Cont\u00e1ctanos&#8221; success_message=&#8221;Gracias por escribirnos, pronto tendr\u00e1s noticias nuestras&#8221; submit_button_text=&#8221;Enviar&#8221; admin_label=&#8221;contacto&#8221; _builder_version=&#8221;4.27.4&#8243; _module_preset=&#8221;default&#8221; _unique_id=&#8221;c31bb5e0-7d52-44a0-8363-34cc2bd3f003&#8243; title_font=&#8221;ABeeZee||||||||&#8221; title_text_color=&#8221;#FFFFFF&#8221; captcha_font=&#8221;ABeeZee||||||||&#8221; captcha_text_color=&#8221;#FFFFFF&#8221; captcha_font_size=&#8221;16px&#8221; custom_button=&#8221;on&#8221; button_text_color=&#8221;#FFFFFF&#8221; global_colors_info=&#8221;{}&#8221;][et_pb_contact_field field_id=&#8221;Name&#8221; field_title=&#8221;Nombre&#8221; _builder_version=&#8221;4.16&#8243; global_colors_info=&#8221;{}&#8221; button_text_size__hover_enabled=&#8221;off&#8221; button_one_text_size__hover_enabled=&#8221;off&#8221; button_two_text_size__hover_enabled=&#8221;off&#8221; button_text_color__hover_enabled=&#8221;off&#8221; button_one_text_color__hover_enabled=&#8221;off&#8221; button_two_text_color__hover_enabled=&#8221;off&#8221; button_border_width__hover_enabled=&#8221;off&#8221; button_one_border_width__hover_enabled=&#8221;off&#8221; button_two_border_width__hover_enabled=&#8221;off&#8221; button_border_color__hover_enabled=&#8221;off&#8221; button_one_border_color__hover_enabled=&#8221;off&#8221; button_two_border_color__hover_enabled=&#8221;off&#8221; button_border_radius__hover_enabled=&#8221;off&#8221; button_one_border_radius__hover_enabled=&#8221;off&#8221; button_two_border_radius__hover_enabled=&#8221;off&#8221; button_letter_spacing__hover_enabled=&#8221;off&#8221; button_one_letter_spacing__hover_enabled=&#8221;off&#8221; button_two_letter_spacing__hover_enabled=&#8221;off&#8221; button_bg_color__hover_enabled=&#8221;off&#8221; button_one_bg_color__hover_enabled=&#8221;off&#8221; button_two_bg_color__hover_enabled=&#8221;off&#8221;][\/et_pb_contact_field][et_pb_contact_field field_id=&#8221;Email&#8221; field_title=&#8221;Direcci\u00f3n de correo electr\u00f3nico&#8221; field_type=&#8221;email&#8221; _builder_version=&#8221;4.16&#8243; global_colors_info=&#8221;{}&#8221; button_text_size__hover_enabled=&#8221;off&#8221; button_one_text_size__hover_enabled=&#8221;off&#8221; button_two_text_size__hover_enabled=&#8221;off&#8221; button_text_color__hover_enabled=&#8221;off&#8221; button_one_text_color__hover_enabled=&#8221;off&#8221; button_two_text_color__hover_enabled=&#8221;off&#8221; button_border_width__hover_enabled=&#8221;off&#8221; button_one_border_width__hover_enabled=&#8221;off&#8221; button_two_border_width__hover_enabled=&#8221;off&#8221; button_border_color__hover_enabled=&#8221;off&#8221; button_one_border_color__hover_enabled=&#8221;off&#8221; button_two_border_color__hover_enabled=&#8221;off&#8221; button_border_radius__hover_enabled=&#8221;off&#8221; button_one_border_radius__hover_enabled=&#8221;off&#8221; button_two_border_radius__hover_enabled=&#8221;off&#8221; button_letter_spacing__hover_enabled=&#8221;off&#8221; button_one_letter_spacing__hover_enabled=&#8221;off&#8221; button_two_letter_spacing__hover_enabled=&#8221;off&#8221; button_bg_color__hover_enabled=&#8221;off&#8221; button_one_bg_color__hover_enabled=&#8221;off&#8221; button_two_bg_color__hover_enabled=&#8221;off&#8221;][\/et_pb_contact_field][et_pb_contact_field field_id=&#8221;Message&#8221; field_title=&#8221;Mensaje&#8221; field_type=&#8221;text&#8221; fullwidth_field=&#8221;on&#8221; _builder_version=&#8221;4.16&#8243; global_colors_info=&#8221;{}&#8221; button_text_size__hover_enabled=&#8221;off&#8221; button_one_text_size__hover_enabled=&#8221;off&#8221; button_two_text_size__hover_enabled=&#8221;off&#8221; button_text_color__hover_enabled=&#8221;off&#8221; button_one_text_color__hover_enabled=&#8221;off&#8221; button_two_text_color__hover_enabled=&#8221;off&#8221; button_border_width__hover_enabled=&#8221;off&#8221; button_one_border_width__hover_enabled=&#8221;off&#8221; button_two_border_width__hover_enabled=&#8221;off&#8221; button_border_color__hover_enabled=&#8221;off&#8221; button_one_border_color__hover_enabled=&#8221;off&#8221; button_two_border_color__hover_enabled=&#8221;off&#8221; button_border_radius__hover_enabled=&#8221;off&#8221; button_one_border_radius__hover_enabled=&#8221;off&#8221; button_two_border_radius__hover_enabled=&#8221;off&#8221; button_letter_spacing__hover_enabled=&#8221;off&#8221; button_one_letter_spacing__hover_enabled=&#8221;off&#8221; button_two_letter_spacing__hover_enabled=&#8221;off&#8221; button_bg_color__hover_enabled=&#8221;off&#8221; button_one_bg_color__hover_enabled=&#8221;off&#8221; button_two_bg_color__hover_enabled=&#8221;off&#8221;][\/et_pb_contact_field][\/et_pb_contact_form][\/et_pb_column][\/et_pb_row][\/et_pb_section]<\/p>\n","protected":false},"excerpt":{"rendered":"<p>\u00a0Energ\u00edas Renovables: El Futuro de una Operaci\u00f3n SostenibleEn AlmaNorte SPA, estamos comprometidos con la sostenibilidad como un pilar fundamental de nuestras operaciones. Contamos con una planta de paneles solares que abastece de energ\u00eda limpia a nuestras instalaciones, veh\u00edculos el\u00e9ctricos para el transporte interno y un sistema de iluminaci\u00f3n LED alimentado por paneles solares. Estas iniciativas [&hellip;]<\/p>\n","protected":false},"author":1,"featured_media":0,"parent":0,"menu_order":0,"comment_status":"closed","ping_status":"closed","template":"","meta":{"_et_pb_use_builder":"on","_et_pb_old_content":"<!-- wp:divi\/placeholder \/-->","_et_gb_content_width":"","footnotes":""},"class_list":["post-1067","page","type-page","status-publish","hentry"],"_links":{"self":[{"href":"https:\/\/almanortespa.cl\/web\/wp-json\/wp\/v2\/pages\/1067","targetHints":{"allow":["GET"]}}],"collection":[{"href":"https:\/\/almanortespa.cl\/web\/wp-json\/wp\/v2\/pages"}],"about":[{"href":"https:\/\/almanortespa.cl\/web\/wp-json\/wp\/v2\/types\/page"}],"author":[{"embeddable":true,"href":"https:\/\/almanortespa.cl\/web\/wp-json\/wp\/v2\/users\/1"}],"replies":[{"embeddable":true,"href":"https:\/\/almanortespa.cl\/web\/wp-json\/wp\/v2\/comments?post=1067"}],"version-history":[{"count":4,"href":"https:\/\/almanortespa.cl\/web\/wp-json\/wp\/v2\/pages\/1067\/revisions"}],"predecessor-version":[{"id":1132,"href":"https:\/\/almanortespa.cl\/web\/wp-json\/wp\/v2\/pages\/1067\/revisions\/1132"}],"wp:attachment":[{"href":"https:\/\/almanortespa.cl\/web\/wp-json\/wp\/v2\/media?parent=1067"}],"curies":[{"name":"wp","href":"https:\/\/api.w.org\/{rel}","templated":true}]}}