{"id":1077,"date":"2024-12-27T22:59:12","date_gmt":"2024-12-28T01:59:12","guid":{"rendered":"https:\/\/almanortespa.cl\/web\/?page_id=1077"},"modified":"2024-12-28T00:52:14","modified_gmt":"2024-12-28T03:52:14","slug":"instalaciones-y-equipamiento","status":"publish","type":"page","link":"https:\/\/almanortespa.cl\/web\/instalaciones-y-equipamiento\/","title":{"rendered":"Instalaciones y equipamiento"},"content":{"rendered":"<p>[et_pb_section fb_built=&#8221;1&#8243; _builder_version=&#8221;4.16&#8243; _module_preset=&#8221;default&#8221; custom_padding=&#8221;30px||30px|||&#8221; global_colors_info=&#8221;{}&#8221;][et_pb_row _builder_version=&#8221;4.16&#8243; _module_preset=&#8221;default&#8221; global_colors_info=&#8221;{}&#8221;][et_pb_column type=&#8221;4_4&#8243; _builder_version=&#8221;4.16&#8243; _module_preset=&#8221;default&#8221; global_colors_info=&#8221;{}&#8221;][et_pb_text _builder_version=&#8221;4.27.4&#8243; _module_preset=&#8221;default&#8221; text_font=&#8221;ABeeZee|700|||||||&#8221; text_font_size=&#8221;49px&#8221; custom_padding=&#8221;7px|||||&#8221; hover_enabled=&#8221;0&#8243; global_colors_info=&#8221;{}&#8221; text_line_height_last_edited=&#8221;on|phone&#8221; text_line_height_phone=&#8221;1.2em&#8221; text_font_size_last_edited=&#8221;on|phone&#8221; text_font_size_phone=&#8221;45px&#8221; sticky_enabled=&#8221;0&#8243; text_font_size_tablet=&#8221;49px&#8221;]<\/p>\n<p>Instalaciones y equipamientos<\/p>\n<p>[\/et_pb_text][\/et_pb_column][\/et_pb_row][\/et_pb_section][et_pb_section fb_built=&#8221;1&#8243; _builder_version=&#8221;4.16&#8243; _module_preset=&#8221;default&#8221; custom_padding=&#8221;4px||4px|||&#8221; animation_style=&#8221;fade&#8221; global_colors_info=&#8221;{}&#8221;][et_pb_row column_structure=&#8221;1_2,1_2&#8243; _builder_version=&#8221;4.27.4&#8243; _module_preset=&#8221;default&#8221; background_color=&#8221;#f4f4f4&#8243; width=&#8221;100%&#8221; max_width=&#8221;1280px&#8221; module_alignment=&#8221;center&#8221; min_height=&#8221;600px&#8221; height=&#8221;600px&#8221; max_height=&#8221;600px&#8221; custom_margin=&#8221;0px|0px|0px|0px|false|false&#8221; custom_padding=&#8221;0px|0px|0px|0px|false|false&#8221; border_radii=&#8221;on|10px|10px|10px|10px&#8221; global_colors_info=&#8221;{}&#8221;][et_pb_column type=&#8221;1_2&#8243; _builder_version=&#8221;4.16&#8243; _module_preset=&#8221;default&#8221; global_colors_info=&#8221;{}&#8221;][et_pb_text _builder_version=&#8221;4.27.4&#8243; _module_preset=&#8221;default&#8221; text_font=&#8221;ABeeZee||||||||&#8221; text_font_size=&#8221;18px&#8221; text_line_height=&#8221;1.4em&#8221; header_font=&#8221;ABeeZee||||||||&#8221; header_font_size=&#8221;14px&#8221; width=&#8221;88%&#8221; custom_padding=&#8221;20px|||100px|false|false&#8221; hover_enabled=&#8221;0&#8243; global_colors_info=&#8221;{}&#8221; custom_padding_last_edited=&#8221;on|phone&#8221; custom_padding_phone=&#8221;20px|10px||20px|false|false&#8221; sticky_enabled=&#8221;0&#8243; custom_padding_tablet=&#8221;20px|||100px|false|false&#8221;]<\/p>\n<p>&nbsp;<\/p>\n<p class=\"p1\">En AlmaNorte SPA, ofrecemos servicios de almacenaje en nuestras modernas bodegas climatizadas de 2,100 m\u00b2, dise\u00f1adas para proteger mercanc\u00edas sensibles y garantizar condiciones \u00f3ptimas en todo momento. Equipadas con sistemas avanzados de control y seguimiento de temperatura, nuestras instalaciones aseguran la preservaci\u00f3n de productos bajo estrictos est\u00e1ndares de calidad.<\/p>\n<p>[\/et_pb_text][et_pb_text _builder_version=&#8221;4.27.4&#8243; _module_preset=&#8221;default&#8221; text_font=&#8221;ABeeZee||||||||&#8221; text_font_size=&#8221;16px&#8221; text_orientation=&#8221;justified&#8221; min_height=&#8221;250px&#8221; height=&#8221;250px&#8221; max_height=&#8221;250px&#8221; custom_margin=&#8221;|||100px|false|false&#8221; hover_enabled=&#8221;0&#8243; global_colors_info=&#8221;{}&#8221; custom_padding=&#8221;|10px||20px|false|false&#8221; custom_padding_last_edited=&#8221;on|phone&#8221; custom_padding_phone=&#8221;||||false|false&#8221; custom_margin_last_edited=&#8221;on|phone&#8221; custom_margin_phone=&#8221;|||20px|false|false&#8221; sticky_enabled=&#8221;0&#8243; custom_padding_tablet=&#8221;|10px||20px|false|false&#8221; custom_margin_tablet=&#8221;|||100px|false|false&#8221;]<\/p>\n<p style=\"font-weight: 400;\"><strong><span>SEGURIDAD<\/span><\/strong><\/p>\n<ul>\n<li><span>Sistema de CCTV Centralizado\u00a0<\/span><\/li>\n<li><span>Sistema para control de incendios<\/span><\/li>\n<li><span>Sistema de Control de Inventarios<\/span><\/li>\n<li><span>Operaciones de alto tonelaje<\/span><\/li>\n<li><span>Rampa de acceso para descarga y carga<\/span><\/li>\n<li><span>Servicios a la mercader\u00eda almacenada<\/span><\/li>\n<\/ul>\n<p>[\/et_pb_text][\/et_pb_column][et_pb_column type=&#8221;1_2&#8243; _builder_version=&#8221;4.16&#8243; _module_preset=&#8221;default&#8221; global_colors_info=&#8221;{}&#8221;][et_pb_gallery gallery_ids=&#8221;1080,1081,1082,1044,1083,1084,1085,1086,1030,1087,1088&#8243; fullwidth=&#8221;on&#8221; _builder_version=&#8221;4.16&#8243; _module_preset=&#8221;default&#8221; pagination_font_size=&#8221;1px&#8221; min_height=&#8221;600px&#8221; height=&#8221;600px&#8221; max_height=&#8221;600px&#8221; animation_style=&#8221;fade&#8221; auto=&#8221;on&#8221; auto_speed=&#8221;3000&#8243; global_colors_info=&#8221;{}&#8221;][\/et_pb_gallery][\/et_pb_column][\/et_pb_row][\/et_pb_section][et_pb_section fb_built=&#8221;1&#8243; _builder_version=&#8221;4.16&#8243; _module_preset=&#8221;default&#8221; custom_padding=&#8221;57px|||||&#8221; animation_style=&#8221;fade&#8221; global_colors_info=&#8221;{}&#8221;][et_pb_row column_structure=&#8221;1_3,1_3,1_3&#8243; _builder_version=&#8221;4.27.4&#8243; _module_preset=&#8221;default&#8221; width=&#8221;100%&#8221; max_width=&#8221;1280px&#8221; global_colors_info=&#8221;{}&#8221;][et_pb_column type=&#8221;1_3&#8243; _builder_version=&#8221;4.16&#8243; _module_preset=&#8221;default&#8221; global_colors_info=&#8221;{}&#8221;][et_pb_text _builder_version=&#8221;4.27.4&#8243; _module_preset=&#8221;default&#8221; text_font=&#8221;ABeeZee||||||||&#8221; text_font_size=&#8221;16px&#8221; hover_enabled=&#8221;0&#8243; global_colors_info=&#8221;{}&#8221; custom_margin_last_edited=&#8221;on|phone&#8221; custom_margin_phone=&#8221;|20px||20px|false|false&#8221; sticky_enabled=&#8221;0&#8243;]<\/p>\n<h2><strong><span>Almacenamiento Cubierto<\/span><\/strong><\/h2>\n<p><span>Contamos con 12 almacenes cubiertos con una superficie de 20.000 mts cuadrados.<\/span><\/p>\n<h2><strong><span><\/span><\/strong><\/h2>\n<h2><strong><span>Almacenamiento carga peligrosa<\/span><\/strong><\/h2>\n<p><span>Caracter\u00edsticas:<\/span><\/p>\n<p><span>Contamos con 3.000 mts2 para el almacenaje de carga peligrosa, distribuidos en 2 bodegas altamente equipadas.<\/span><\/p>\n<p><span>\u00a0<\/span><\/p>\n<ul>\n<li><span>Permisos sectoriales<\/span><\/li>\n<li><span>RCA aprobada<\/span><\/li>\n<li><span>Productos estrat\u00e9gicos miner\u00eda<\/span><\/li>\n<li><span>Sistema extinci\u00f3n de incendios<\/span><\/li>\n<li><span>Sistema de gesti\u00f3n de riesgos<\/span><\/li>\n<li><span>Sistema de gesti\u00f3n de inventarios y trazabilidad<\/span><\/li>\n<\/ul>\n<h2><\/h2>\n<p>[\/et_pb_text][\/et_pb_column][et_pb_column type=&#8221;1_3&#8243; _builder_version=&#8221;4.16&#8243; _module_preset=&#8221;default&#8221; global_colors_info=&#8221;{}&#8221;][et_pb_text _builder_version=&#8221;4.27.4&#8243; _module_preset=&#8221;default&#8221; text_font=&#8221;ABeeZee||||||||&#8221; text_font_size=&#8221;16px&#8221; text_orientation=&#8221;justified&#8221; hover_enabled=&#8221;0&#8243; global_colors_info=&#8221;{}&#8221; custom_margin_last_edited=&#8221;on|phone&#8221; custom_margin_phone=&#8221;|20px||20px|false|false&#8221; sticky_enabled=&#8221;0&#8243;]<\/p>\n<h2 style=\"font-weight: 400;\"><strong><span>Maquinaria y otros servicios<\/span><\/strong><\/h2>\n<p style=\"font-weight: 400;\"><span>Caracter\u00edsticas:<\/span><\/p>\n<p style=\"font-weight: 400;\"><span>Contamos con una gran variedad de maquinarias y herramientas para dar soporte y brindar un \u00f3ptimo servicio log\u00edstico dentro de nuestras instalaciones.<\/span><\/p>\n<p style=\"font-weight: 400;\"><span>\u00a0<\/span><\/p>\n<ul style=\"font-weight: 400;\">\n<li><span>Gr\u00faas Horquillas de 3, 5, y 10 toneladas<\/span><\/li>\n<li><span>Gr\u00faas Pluma de alto Tonelaje<\/span><\/li>\n<li><span>Servicio de desconsolidado y consolidado<\/span><\/li>\n<li><span>Servicio de carga y descarga de cami\u00f3n<\/span><\/li>\n<li><span>Personal calificado<\/span><\/li>\n<li><span>Sistema de Gesti\u00f3n de Riesgos<\/span><\/li>\n<\/ul>\n<p>[\/et_pb_text][\/et_pb_column][et_pb_column type=&#8221;1_3&#8243; _builder_version=&#8221;4.16&#8243; _module_preset=&#8221;default&#8221; global_colors_info=&#8221;{}&#8221;][et_pb_text _builder_version=&#8221;4.27.4&#8243; _module_preset=&#8221;default&#8221; text_font=&#8221;ABeeZee||||||||&#8221; text_font_size=&#8221;16px&#8221; hover_enabled=&#8221;0&#8243; global_colors_info=&#8221;{}&#8221; custom_margin_last_edited=&#8221;on|phone&#8221; custom_margin_phone=&#8221;|20px||20px|false|false&#8221; sticky_enabled=&#8221;0&#8243;]<\/p>\n<h2 style=\"font-weight: 400;\"><strong><span>Seguridad<\/span><\/strong><\/h2>\n<p style=\"font-weight: 400;\"><span>Almanorte establece las siguientes medidas de seguridad al ingreso de nuestras instalaciones:<\/span><\/p>\n<h2 style=\"font-weight: 400;\"><strong><span><\/span><\/strong><\/h2>\n<h2 style=\"font-weight: 400;\"><strong><span><\/span><\/strong><\/h2>\n<h2 style=\"font-weight: 400;\"><strong><span><\/span><\/strong><\/h2>\n<h2 style=\"font-weight: 400;\"><strong><span>Seguridad de nuestras instalaciones<\/span><\/strong><\/h2>\n<ul style=\"font-weight: 400;\">\n<li><span>Control de ingreso y salida desde nuestras instalaciones<\/span><\/li>\n<li><span>Sistema de c\u00e1maras de seguridad CCTV<\/span><\/li>\n<li><span>Seguridad 24\/7 OS10<\/span><\/li>\n<li><span>Cierre perimetral<\/span><\/li>\n<li><span>Sistema de iluminaci\u00f3n LED nocturno<\/span><\/li>\n<li><span>Sistema de extinci\u00f3n de incendios<\/span><\/li>\n<li><span>Respaldo el\u00e9ctrico<\/span><\/li>\n<\/ul>\n<p>[\/et_pb_text][\/et_pb_column][\/et_pb_row][\/et_pb_section][et_pb_section fb_built=&#8221;1&#8243; _builder_version=&#8221;4.27.4&#8243; _module_preset=&#8221;default&#8221; background_color=&#8221;#00d390&#8243; min_height=&#8221;200px&#8221; height=&#8221;200px&#8221; max_height=&#8221;200px&#8221; custom_padding=&#8221;25px|||||&#8221; animation_style=&#8221;fade&#8221; hover_enabled=&#8221;0&#8243; global_colors_info=&#8221;{}&#8221; min_height_last_edited=&#8221;on|phone&#8221; min_height_phone=&#8221;300px&#8221; height_last_edited=&#8221;on|phone&#8221; height_phone=&#8221;300px&#8221; max_height_last_edited=&#8221;on|phone&#8221; max_height_phone=&#8221;300px&#8221; sticky_enabled=&#8221;0&#8243; min_height_tablet=&#8221;200px&#8221; height_tablet=&#8221;200px&#8221; max_height_tablet=&#8221;200px&#8221;][et_pb_row _builder_version=&#8221;4.27.4&#8243; _module_preset=&#8221;default&#8221; width=&#8221;90%&#8221; max_width=&#8221;1508px&#8221; custom_margin=&#8221;-22px|auto||auto||&#8221; link_option_url=&#8221;https:\/\/almanortespa.cl\/web\/operacion-sustentable\/&#8221; global_colors_info=&#8221;{}&#8221;][et_pb_column type=&#8221;4_4&#8243; _builder_version=&#8221;4.16&#8243; _module_preset=&#8221;default&#8221; global_colors_info=&#8221;{}&#8221;][et_pb_image src=&#8221;https:\/\/almanortespa.cl\/web\/wp-content\/uploads\/2024\/12\/sustainable-energy_7928887.png&#8221; title_text=&#8221;sustainable-energy_7928887&#8243; _builder_version=&#8221;4.27.4&#8243; _module_preset=&#8221;default&#8221; width=&#8221;5%&#8221; width_tablet=&#8221;&#8221; width_phone=&#8221;27%&#8221; width_last_edited=&#8221;on|phone&#8221; max_width=&#8221;27%&#8221; module_alignment=&#8221;center&#8221; filter_brightness=&#8221;151%&#8221; filter_contrast=&#8221;200%&#8221; filter_invert=&#8221;100%&#8221; global_colors_info=&#8221;{}&#8221;][\/et_pb_image][et_pb_text _builder_version=&#8221;4.27.4&#8243; _module_preset=&#8221;default&#8221; text_font=&#8221;ABeeZee|700|||||||&#8221; text_text_color=&#8221;#ffffff&#8221; text_font_size=&#8221;49px&#8221; text_line_height=&#8221;1.3em&#8221; text_orientation=&#8221;center&#8221; custom_margin=&#8221;-46px|||||&#8221; custom_padding=&#8221;7px|||||&#8221; global_colors_info=&#8221;{}&#8221;]<\/p>\n<p>Operaci\u00f3n verde<\/p>\n<p>&nbsp;<\/p>\n<p>[\/et_pb_text][\/et_pb_column][\/et_pb_row][et_pb_row _builder_version=&#8221;4.16&#8243; _module_preset=&#8221;default&#8221; custom_padding=&#8221;3px|||||&#8221; global_colors_info=&#8221;{}&#8221;][et_pb_column type=&#8221;4_4&#8243; _builder_version=&#8221;4.16&#8243; _module_preset=&#8221;default&#8221; global_colors_info=&#8221;{}&#8221;][\/et_pb_column][\/et_pb_row][\/et_pb_section][et_pb_section fb_built=&#8221;1&#8243; _builder_version=&#8221;4.16&#8243; _module_preset=&#8221;default&#8221; background_color=&#8221;#e02b20&#8243; animation_style=&#8221;fade&#8221; border_width_top=&#8221;1px&#8221; global_colors_info=&#8221;{}&#8221;][et_pb_row column_structure=&#8221;1_2,1_2&#8243; _builder_version=&#8221;4.16&#8243; _module_preset=&#8221;default&#8221; global_colors_info=&#8221;{}&#8221;][et_pb_column type=&#8221;1_2&#8243; _builder_version=&#8221;4.16&#8243; _module_preset=&#8221;default&#8221; global_colors_info=&#8221;{}&#8221;][et_pb_image src=&#8221;https:\/\/almanortespa.cl\/web\/wp-content\/uploads\/2024\/12\/logo_web_almanorte.png&#8221; title_text=&#8221;logo_web_almanorte&#8221; _builder_version=&#8221;4.16&#8243; _module_preset=&#8221;default&#8221; width=&#8221;63%&#8221; global_colors_info=&#8221;{}&#8221;][\/et_pb_image][et_pb_text _builder_version=&#8221;4.27.4&#8243; _module_preset=&#8221;default&#8221; text_font=&#8221;ABeeZee||||||||&#8221; text_text_color=&#8221;#ffffff&#8221; text_font_size=&#8221;16px&#8221; global_colors_info=&#8221;{}&#8221;]<\/p>\n<ul>\n<li>Tel\u00e9fono de contacto:<span> +56 57 2262556<\/span><\/li>\n<li>Correo electronico: <span style=\"color: #ffffff;\"><a href=\"mailto:contacto@almanortespa.cl\" style=\"color: #ffffff;\">contacto@almanortespa.cl<\/a><\/span><\/li>\n<li class=\"p1\">Sector nueva California, ruta A-651, Km.17, <br \/>comuna de Pozo Almonte<\/li>\n<li>Canal de Denuncias<\/li>\n<\/ul>\n<p>&nbsp;<\/p>\n<p>&nbsp;<\/p>\n<p>[\/et_pb_text][\/et_pb_column][et_pb_column type=&#8221;1_2&#8243; _builder_version=&#8221;4.16&#8243; _module_preset=&#8221;default&#8221; global_colors_info=&#8221;{}&#8221;][et_pb_contact_form email=&#8221;contacto@almanortespa.cl&#8221; title=&#8221;Cont\u00e1ctanos&#8221; success_message=&#8221;Gracias por escribirnos, pronto tendr\u00e1s noticias nuestras&#8221; submit_button_text=&#8221;Enviar&#8221; admin_label=&#8221;contacto&#8221; _builder_version=&#8221;4.27.4&#8243; _module_preset=&#8221;default&#8221; _unique_id=&#8221;c31bb5e0-7d52-44a0-8363-34cc2bd3f003&#8243; title_font=&#8221;ABeeZee||||||||&#8221; title_text_color=&#8221;#FFFFFF&#8221; captcha_font=&#8221;ABeeZee||||||||&#8221; captcha_text_color=&#8221;#FFFFFF&#8221; captcha_font_size=&#8221;16px&#8221; custom_button=&#8221;on&#8221; button_text_color=&#8221;#FFFFFF&#8221; global_colors_info=&#8221;{}&#8221;][et_pb_contact_field field_id=&#8221;Name&#8221; field_title=&#8221;Nombre&#8221; _builder_version=&#8221;4.16&#8243; global_colors_info=&#8221;{}&#8221; button_text_size__hover_enabled=&#8221;off&#8221; button_one_text_size__hover_enabled=&#8221;off&#8221; button_two_text_size__hover_enabled=&#8221;off&#8221; button_text_color__hover_enabled=&#8221;off&#8221; button_one_text_color__hover_enabled=&#8221;off&#8221; button_two_text_color__hover_enabled=&#8221;off&#8221; button_border_width__hover_enabled=&#8221;off&#8221; button_one_border_width__hover_enabled=&#8221;off&#8221; button_two_border_width__hover_enabled=&#8221;off&#8221; button_border_color__hover_enabled=&#8221;off&#8221; button_one_border_color__hover_enabled=&#8221;off&#8221; button_two_border_color__hover_enabled=&#8221;off&#8221; button_border_radius__hover_enabled=&#8221;off&#8221; button_one_border_radius__hover_enabled=&#8221;off&#8221; button_two_border_radius__hover_enabled=&#8221;off&#8221; button_letter_spacing__hover_enabled=&#8221;off&#8221; button_one_letter_spacing__hover_enabled=&#8221;off&#8221; button_two_letter_spacing__hover_enabled=&#8221;off&#8221; button_bg_color__hover_enabled=&#8221;off&#8221; button_one_bg_color__hover_enabled=&#8221;off&#8221; button_two_bg_color__hover_enabled=&#8221;off&#8221;][\/et_pb_contact_field][et_pb_contact_field field_id=&#8221;Email&#8221; field_title=&#8221;Direcci\u00f3n de correo electr\u00f3nico&#8221; field_type=&#8221;email&#8221; _builder_version=&#8221;4.16&#8243; global_colors_info=&#8221;{}&#8221; button_text_size__hover_enabled=&#8221;off&#8221; button_one_text_size__hover_enabled=&#8221;off&#8221; button_two_text_size__hover_enabled=&#8221;off&#8221; button_text_color__hover_enabled=&#8221;off&#8221; button_one_text_color__hover_enabled=&#8221;off&#8221; button_two_text_color__hover_enabled=&#8221;off&#8221; button_border_width__hover_enabled=&#8221;off&#8221; button_one_border_width__hover_enabled=&#8221;off&#8221; button_two_border_width__hover_enabled=&#8221;off&#8221; button_border_color__hover_enabled=&#8221;off&#8221; button_one_border_color__hover_enabled=&#8221;off&#8221; button_two_border_color__hover_enabled=&#8221;off&#8221; button_border_radius__hover_enabled=&#8221;off&#8221; button_one_border_radius__hover_enabled=&#8221;off&#8221; button_two_border_radius__hover_enabled=&#8221;off&#8221; button_letter_spacing__hover_enabled=&#8221;off&#8221; button_one_letter_spacing__hover_enabled=&#8221;off&#8221; button_two_letter_spacing__hover_enabled=&#8221;off&#8221; button_bg_color__hover_enabled=&#8221;off&#8221; button_one_bg_color__hover_enabled=&#8221;off&#8221; button_two_bg_color__hover_enabled=&#8221;off&#8221;][\/et_pb_contact_field][et_pb_contact_field field_id=&#8221;Message&#8221; field_title=&#8221;Mensaje&#8221; field_type=&#8221;text&#8221; fullwidth_field=&#8221;on&#8221; _builder_version=&#8221;4.16&#8243; global_colors_info=&#8221;{}&#8221; button_text_size__hover_enabled=&#8221;off&#8221; button_one_text_size__hover_enabled=&#8221;off&#8221; button_two_text_size__hover_enabled=&#8221;off&#8221; button_text_color__hover_enabled=&#8221;off&#8221; button_one_text_color__hover_enabled=&#8221;off&#8221; button_two_text_color__hover_enabled=&#8221;off&#8221; button_border_width__hover_enabled=&#8221;off&#8221; button_one_border_width__hover_enabled=&#8221;off&#8221; button_two_border_width__hover_enabled=&#8221;off&#8221; button_border_color__hover_enabled=&#8221;off&#8221; button_one_border_color__hover_enabled=&#8221;off&#8221; button_two_border_color__hover_enabled=&#8221;off&#8221; button_border_radius__hover_enabled=&#8221;off&#8221; button_one_border_radius__hover_enabled=&#8221;off&#8221; button_two_border_radius__hover_enabled=&#8221;off&#8221; button_letter_spacing__hover_enabled=&#8221;off&#8221; button_one_letter_spacing__hover_enabled=&#8221;off&#8221; button_two_letter_spacing__hover_enabled=&#8221;off&#8221; button_bg_color__hover_enabled=&#8221;off&#8221; button_one_bg_color__hover_enabled=&#8221;off&#8221; button_two_bg_color__hover_enabled=&#8221;off&#8221;][\/et_pb_contact_field][\/et_pb_contact_form][\/et_pb_column][\/et_pb_row][\/et_pb_section]<\/p>\n","protected":false},"excerpt":{"rendered":"<p>Instalaciones y equipamientos&nbsp; En AlmaNorte SPA, ofrecemos servicios de almacenaje en nuestras modernas bodegas climatizadas de 2,100 m\u00b2, dise\u00f1adas para proteger mercanc\u00edas sensibles y garantizar condiciones \u00f3ptimas en todo momento. Equipadas con sistemas avanzados de control y seguimiento de temperatura, nuestras instalaciones aseguran la preservaci\u00f3n de productos bajo estrictos est\u00e1ndares de calidad.SEGURIDAD Sistema de CCTV [&hellip;]<\/p>\n","protected":false},"author":1,"featured_media":0,"parent":0,"menu_order":0,"comment_status":"closed","ping_status":"closed","template":"","meta":{"_et_pb_use_builder":"on","_et_pb_old_content":"<!-- wp:divi\/placeholder \/-->","_et_gb_content_width":"","footnotes":""},"class_list":["post-1077","page","type-page","status-publish","hentry"],"_links":{"self":[{"href":"https:\/\/almanortespa.cl\/web\/wp-json\/wp\/v2\/pages\/1077","targetHints":{"allow":["GET"]}}],"collection":[{"href":"https:\/\/almanortespa.cl\/web\/wp-json\/wp\/v2\/pages"}],"about":[{"href":"https:\/\/almanortespa.cl\/web\/wp-json\/wp\/v2\/types\/page"}],"author":[{"embeddable":true,"href":"https:\/\/almanortespa.cl\/web\/wp-json\/wp\/v2\/users\/1"}],"replies":[{"embeddable":true,"href":"https:\/\/almanortespa.cl\/web\/wp-json\/wp\/v2\/comments?post=1077"}],"version-history":[{"count":5,"href":"https:\/\/almanortespa.cl\/web\/wp-json\/wp\/v2\/pages\/1077\/revisions"}],"predecessor-version":[{"id":1131,"href":"https:\/\/almanortespa.cl\/web\/wp-json\/wp\/v2\/pages\/1077\/revisions\/1131"}],"wp:attachment":[{"href":"https:\/\/almanortespa.cl\/web\/wp-json\/wp\/v2\/media?parent=1077"}],"curies":[{"name":"wp","href":"https:\/\/api.w.org\/{rel}","templated":true}]}}