{"id":951,"date":"2023-07-10T12:43:35","date_gmt":"2023-07-10T15:43:35","guid":{"rendered":"https:\/\/almanortespa.cl\/web\/?page_id=951"},"modified":"2024-12-28T00:57:32","modified_gmt":"2024-12-28T03:57:32","slug":"canal-de-denuncias","status":"publish","type":"page","link":"https:\/\/almanortespa.cl\/web\/canal-de-denuncias\/","title":{"rendered":"Canal de Denuncias"},"content":{"rendered":"<p>[et_pb_section fb_built=&#8221;1&#8243; _builder_version=&#8221;4.27.4&#8243; _module_preset=&#8221;default&#8221; global_colors_info=&#8221;{}&#8221;][et_pb_row _builder_version=&#8221;4.27.4&#8243; _module_preset=&#8221;default&#8221; global_colors_info=&#8221;{}&#8221;][et_pb_column type=&#8221;4_4&#8243; _builder_version=&#8221;4.27.4&#8243; _module_preset=&#8221;default&#8221; global_colors_info=&#8221;{}&#8221;][et_pb_text _builder_version=&#8221;4.27.4&#8243; _module_preset=&#8221;default&#8221; text_font=&#8221;ABeeZee|700|||||||&#8221; text_font_size=&#8221;49px&#8221; custom_padding=&#8221;7px|||||&#8221; hover_enabled=&#8221;0&#8243; global_colors_info=&#8221;{}&#8221; text_line_height=&#8221;1.2em&#8221; sticky_enabled=&#8221;0&#8243;]<\/p>\n<p>Canal de denuncias<\/p>\n<p>[\/et_pb_text][et_pb_text _builder_version=&#8221;4.27.4&#8243; _module_preset=&#8221;default&#8221; text_font=&#8221;ABeeZee||||||||&#8221; text_font_size=&#8221;16px&#8221; text_orientation=&#8221;justified&#8221; global_colors_info=&#8221;{}&#8221;]<\/p>\n<p>&nbsp;<\/p>\n<p>De acuerdo con la Pol\u00edtica de Prevenci\u00f3n de Delitos de la empresa, cualquier persona que tome conocimiento de alg\u00fan il\u00edcito relacionado con la Ley N\u00ba20.393, podr\u00e1 denunciarlo por este canal.<\/p>\n<p>Se garantiza que sus comunicaciones ser\u00e1n tratadas con el debido resguardo y confidencialidad.<\/p>\n<p>Las denuncias podr\u00e1n ser incorporadas en formulario adjunto u otro que estime , el que debe ser enviado a la Agencia por alguno de los siguientes medios:<\/p>\n<p>Correo certificado dirigido al Encargado de Prevenci\u00f3n de Delitos: Avenida Circunvalaci\u00f3n, Manzana C ,Sitio 19E, Barrio Industrial Zofri, Iquique.<\/p>\n<p>Correo electr\u00f3nico: <a href=\"mailto:denuncias20393@almanortespa.cl\">denuncias20393@almanortespa.cl<\/a><span><\/span><span><\/span><\/p>\n<p>Descargar MPD: <a href=\"https:\/\/almanortespa.cl\/web\/wp-content\/uploads\/2023\/07\/MPD.ALMANORTE.2023.pdf\">Modelo_de_prevenci\u00f3n_de_delitos.pdf<\/a><a href=\"https:\/\/agenciasesnich.cl\/web\/wp-content\/uploads\/2020\/09\/MPD.AGENCIA.2019.4.pdf\"><br \/><\/a><\/p>\n<p>Descargar C\u00f3digo de \u00c9tica: <a href=\"https:\/\/almanortespa.cl\/web\/wp-content\/uploads\/2019\/03\/c%C3%B3digo.etica_.ALMANORTE.2019.pdf\">C\u00f3digo_de_\u00e9tica.pdf<\/a><a href=\"https:\/\/agenciasesnich.cl\/web\/wp-content\/uploads\/2020\/09\/co%CC%81digo.etica_.A.A.2019.pdf\"><br \/><\/a><\/p>\n<p>Descargar Anexo I \u2013 Formulario Denuncias: <a href=\"https:\/\/almanortespa.cl\/web\/wp-content\/uploads\/2019\/02\/Formulario-Denuncia.pdf\">Formulario_denuncias.pdf<\/a><\/p>\n<p>[\/et_pb_text][\/et_pb_column][\/et_pb_row][\/et_pb_section][et_pb_section fb_built=&#8221;1&#8243; _builder_version=&#8221;4.16&#8243; _module_preset=&#8221;default&#8221; background_color=&#8221;#e02b20&#8243; animation_style=&#8221;fade&#8221; border_width_top=&#8221;1px&#8221; global_colors_info=&#8221;{}&#8221;][et_pb_row column_structure=&#8221;1_2,1_2&#8243; _builder_version=&#8221;4.16&#8243; _module_preset=&#8221;default&#8221; global_colors_info=&#8221;{}&#8221;][et_pb_column type=&#8221;1_2&#8243; _builder_version=&#8221;4.16&#8243; _module_preset=&#8221;default&#8221; global_colors_info=&#8221;{}&#8221;][et_pb_image src=&#8221;https:\/\/almanortespa.cl\/web\/wp-content\/uploads\/2024\/12\/logo_web_almanorte.png&#8221; title_text=&#8221;logo_web_almanorte&#8221; _builder_version=&#8221;4.16&#8243; _module_preset=&#8221;default&#8221; width=&#8221;63%&#8221; global_colors_info=&#8221;{}&#8221;][\/et_pb_image][et_pb_text _builder_version=&#8221;4.27.4&#8243; _module_preset=&#8221;default&#8221; text_font=&#8221;ABeeZee||||||||&#8221; text_text_color=&#8221;#ffffff&#8221; text_font_size=&#8221;16px&#8221; global_colors_info=&#8221;{}&#8221;]<\/p>\n<ul>\n<li>Tel\u00e9fono de contacto:<span> +56 57 2262556<\/span><\/li>\n<li>Correo electronico: <span style=\"color: #ffffff;\"><a href=\"mailto:contacto@almanortespa.cl\" style=\"color: #ffffff;\">contacto@almanortespa.cl<\/a><\/span><\/li>\n<li class=\"p1\">Sector nueva California, ruta A-651, Km.17, <br \/>comuna de Pozo Almonte<\/li>\n<li>Canal de Denuncias<\/li>\n<\/ul>\n<p>&nbsp;<\/p>\n<p>&nbsp;<\/p>\n<p>[\/et_pb_text][\/et_pb_column][et_pb_column type=&#8221;1_2&#8243; _builder_version=&#8221;4.16&#8243; _module_preset=&#8221;default&#8221; global_colors_info=&#8221;{}&#8221;][et_pb_contact_form email=&#8221;contacto@almanortespa.cl&#8221; title=&#8221;Cont\u00e1ctanos&#8221; success_message=&#8221;Gracias por escribirnos, pronto tendr\u00e1s noticias nuestras&#8221; submit_button_text=&#8221;Enviar&#8221; admin_label=&#8221;contacto&#8221; _builder_version=&#8221;4.27.4&#8243; _module_preset=&#8221;default&#8221; _unique_id=&#8221;c31bb5e0-7d52-44a0-8363-34cc2bd3f003&#8243; title_font=&#8221;ABeeZee||||||||&#8221; title_text_color=&#8221;#FFFFFF&#8221; captcha_font=&#8221;ABeeZee||||||||&#8221; captcha_text_color=&#8221;#FFFFFF&#8221; captcha_font_size=&#8221;16px&#8221; custom_button=&#8221;on&#8221; button_text_color=&#8221;#FFFFFF&#8221; global_colors_info=&#8221;{}&#8221;][et_pb_contact_field field_id=&#8221;Name&#8221; field_title=&#8221;Nombre&#8221; _builder_version=&#8221;4.16&#8243; global_colors_info=&#8221;{}&#8221; button_text_size__hover_enabled=&#8221;off&#8221; button_one_text_size__hover_enabled=&#8221;off&#8221; button_two_text_size__hover_enabled=&#8221;off&#8221; button_text_color__hover_enabled=&#8221;off&#8221; button_one_text_color__hover_enabled=&#8221;off&#8221; button_two_text_color__hover_enabled=&#8221;off&#8221; button_border_width__hover_enabled=&#8221;off&#8221; button_one_border_width__hover_enabled=&#8221;off&#8221; button_two_border_width__hover_enabled=&#8221;off&#8221; button_border_color__hover_enabled=&#8221;off&#8221; button_one_border_color__hover_enabled=&#8221;off&#8221; button_two_border_color__hover_enabled=&#8221;off&#8221; button_border_radius__hover_enabled=&#8221;off&#8221; button_one_border_radius__hover_enabled=&#8221;off&#8221; button_two_border_radius__hover_enabled=&#8221;off&#8221; button_letter_spacing__hover_enabled=&#8221;off&#8221; button_one_letter_spacing__hover_enabled=&#8221;off&#8221; button_two_letter_spacing__hover_enabled=&#8221;off&#8221; button_bg_color__hover_enabled=&#8221;off&#8221; button_one_bg_color__hover_enabled=&#8221;off&#8221; button_two_bg_color__hover_enabled=&#8221;off&#8221;][\/et_pb_contact_field][et_pb_contact_field field_id=&#8221;Email&#8221; field_title=&#8221;Direcci\u00f3n de correo electr\u00f3nico&#8221; field_type=&#8221;email&#8221; _builder_version=&#8221;4.16&#8243; global_colors_info=&#8221;{}&#8221; button_text_size__hover_enabled=&#8221;off&#8221; button_one_text_size__hover_enabled=&#8221;off&#8221; button_two_text_size__hover_enabled=&#8221;off&#8221; button_text_color__hover_enabled=&#8221;off&#8221; button_one_text_color__hover_enabled=&#8221;off&#8221; button_two_text_color__hover_enabled=&#8221;off&#8221; button_border_width__hover_enabled=&#8221;off&#8221; button_one_border_width__hover_enabled=&#8221;off&#8221; button_two_border_width__hover_enabled=&#8221;off&#8221; button_border_color__hover_enabled=&#8221;off&#8221; button_one_border_color__hover_enabled=&#8221;off&#8221; button_two_border_color__hover_enabled=&#8221;off&#8221; button_border_radius__hover_enabled=&#8221;off&#8221; button_one_border_radius__hover_enabled=&#8221;off&#8221; button_two_border_radius__hover_enabled=&#8221;off&#8221; button_letter_spacing__hover_enabled=&#8221;off&#8221; button_one_letter_spacing__hover_enabled=&#8221;off&#8221; button_two_letter_spacing__hover_enabled=&#8221;off&#8221; button_bg_color__hover_enabled=&#8221;off&#8221; button_one_bg_color__hover_enabled=&#8221;off&#8221; button_two_bg_color__hover_enabled=&#8221;off&#8221;][\/et_pb_contact_field][et_pb_contact_field field_id=&#8221;Message&#8221; field_title=&#8221;Mensaje&#8221; field_type=&#8221;text&#8221; fullwidth_field=&#8221;on&#8221; _builder_version=&#8221;4.16&#8243; global_colors_info=&#8221;{}&#8221; button_text_size__hover_enabled=&#8221;off&#8221; button_one_text_size__hover_enabled=&#8221;off&#8221; button_two_text_size__hover_enabled=&#8221;off&#8221; button_text_color__hover_enabled=&#8221;off&#8221; button_one_text_color__hover_enabled=&#8221;off&#8221; button_two_text_color__hover_enabled=&#8221;off&#8221; button_border_width__hover_enabled=&#8221;off&#8221; button_one_border_width__hover_enabled=&#8221;off&#8221; button_two_border_width__hover_enabled=&#8221;off&#8221; button_border_color__hover_enabled=&#8221;off&#8221; button_one_border_color__hover_enabled=&#8221;off&#8221; button_two_border_color__hover_enabled=&#8221;off&#8221; button_border_radius__hover_enabled=&#8221;off&#8221; button_one_border_radius__hover_enabled=&#8221;off&#8221; button_two_border_radius__hover_enabled=&#8221;off&#8221; button_letter_spacing__hover_enabled=&#8221;off&#8221; button_one_letter_spacing__hover_enabled=&#8221;off&#8221; button_two_letter_spacing__hover_enabled=&#8221;off&#8221; button_bg_color__hover_enabled=&#8221;off&#8221; button_one_bg_color__hover_enabled=&#8221;off&#8221; button_two_bg_color__hover_enabled=&#8221;off&#8221;][\/et_pb_contact_field][\/et_pb_contact_form][\/et_pb_column][\/et_pb_row][\/et_pb_section]<\/p>\n","protected":false},"excerpt":{"rendered":"<p>Canal de denuncias&nbsp; De acuerdo con la Pol\u00edtica de Prevenci\u00f3n de Delitos de la empresa, cualquier persona que tome conocimiento de alg\u00fan il\u00edcito relacionado con la Ley N\u00ba20.393, podr\u00e1 denunciarlo por este canal. Se garantiza que sus comunicaciones ser\u00e1n tratadas con el debido resguardo y confidencialidad. Las denuncias podr\u00e1n ser incorporadas en formulario adjunto u [&hellip;]<\/p>\n","protected":false},"author":1,"featured_media":0,"parent":0,"menu_order":0,"comment_status":"closed","ping_status":"closed","template":"","meta":{"_et_pb_use_builder":"on","_et_pb_old_content":"","_et_gb_content_width":"","footnotes":""},"class_list":["post-951","page","type-page","status-publish","hentry"],"_links":{"self":[{"href":"https:\/\/almanortespa.cl\/web\/wp-json\/wp\/v2\/pages\/951","targetHints":{"allow":["GET"]}}],"collection":[{"href":"https:\/\/almanortespa.cl\/web\/wp-json\/wp\/v2\/pages"}],"about":[{"href":"https:\/\/almanortespa.cl\/web\/wp-json\/wp\/v2\/types\/page"}],"author":[{"embeddable":true,"href":"https:\/\/almanortespa.cl\/web\/wp-json\/wp\/v2\/users\/1"}],"replies":[{"embeddable":true,"href":"https:\/\/almanortespa.cl\/web\/wp-json\/wp\/v2\/comments?post=951"}],"version-history":[{"count":16,"href":"https:\/\/almanortespa.cl\/web\/wp-json\/wp\/v2\/pages\/951\/revisions"}],"predecessor-version":[{"id":1133,"href":"https:\/\/almanortespa.cl\/web\/wp-json\/wp\/v2\/pages\/951\/revisions\/1133"}],"wp:attachment":[{"href":"https:\/\/almanortespa.cl\/web\/wp-json\/wp\/v2\/media?parent=951"}],"curies":[{"name":"wp","href":"https:\/\/api.w.org\/{rel}","templated":true}]}}